{"id":10,"date":"2014-09-25T21:05:41","date_gmt":"2014-09-25T19:05:41","guid":{"rendered":"http:\/\/www.vlbf.se\/wp\/?page_id=10"},"modified":"2025-06-09T11:22:57","modified_gmt":"2025-06-09T09:22:57","slug":"vad-ar","status":"publish","type":"page","link":"https:\/\/www.vlbf.se\/?page_id=10","title":{"rendered":"Styrelse"},"content":{"rendered":"<p>V\u00e4stmanlands l\u00e4nsbildningsf\u00f6rbund \u00e4r en intresseorganisation f\u00f6r studief\u00f6rbund och folkh\u00f6gskolor i l\u00e4net. Eftersom alla studief\u00f6rbund och folkh\u00f6gskolor i l\u00e4net \u00e4r medlemmar i f\u00f6rbundet \u00e4r vi en garant f\u00f6r stark lokal och regional f\u00f6rankring f\u00f6r de fr\u00e5gor vi driver.<\/p>\n<blockquote><p>L\u00e4nsbildningsf\u00f6rbundet ska underl\u00e4tta skapandet av m\u00f6tesplatser.<\/p><\/blockquote>\n<p><span style=\"color: #808080;\">V\u00e5r styrelse<\/span> best\u00e5r av representanter fr\u00e5n folkh\u00f6gskolorna och studief\u00f6rbunden som v\u00e4ljs p\u00e5 \u00e5rsm\u00f6tet. Dessutom \u00e4r personalen representerad i styrelsen. Styrelsens ambition \u00e4r att f\u00f6ra f\u00f6rbundet fram\u00e5t och skapa ett brett forum d\u00e4r fler akt\u00f6rer kan engagera sig och driva viktiga fr\u00e5gor om medborgardialog, demokrati, delaktighet, tillg\u00e4nglighet, kultur, bibliotek och folkh\u00e4lsa.<\/p>\n<p>Folkbildningens nuvarande och framtida betydelse \u00e4r v\u00e5rt fokus. L\u00e4nsbildningsf\u00f6rbundet ska underl\u00e4tta skapandet av m\u00f6tesplatser mellan folkbildningens akt\u00f6rer och omv\u00e4rlden. Vi arbetar mycket med etiska fr\u00e5gor och opinionsarbete f\u00f6r \u00f6kad kunskap om och intresse f\u00f6r folkbildning bland beslutsfattare. I arbetet med att lyfta fram folkbildningens betydelse f\u00f6r s\u00e5v\u00e4l individ som samh\u00e4lle \u00e4r dialog och samverkan med samh\u00e4llsakt\u00f6rer och anslagsgivare viktigt.<\/p>\n<p><span style=\"color: #808080;\">Ordf\u00f6rande<\/span> Eva-Marie Rasmusson, ABF<\/p>\n<p><span style=\"color: #808080;\">Vice ordf\u00f6rande<\/span> Roger Karlsson, Bilda<\/p>\n<p><span style=\"color: #808080;\">Ledam\u00f6ter<\/span><\/p>\n<p style=\"text-align: left;\">Lars Forsmark, V\u00e4ster\u00e5s folkh\u00f6gskola<\/p>\n<p>Ulrika Fredriksson, Studief\u00f6rbundet Vuxenskolan<\/p>\n<p>Katarina Andersson, Folkuniversitetet<\/p>\n<p>Jenny Jogensj\u00f6, T\u00e4rna folkh\u00f6gskola<\/p>\n<p>Gustav Lithammer, Medborgarskolan<\/p>\n<p>Kristin Pleick, RF-SISU<\/p>\n<p>Ninve D\u00fczg\u00fcn-Khelil, NBV<\/p>\n<p>Sofia Moberg, Sensus<\/p>\n<p>Therese J\u00e4derberg, Studiefr\u00e4mjandet<\/p>\n<p>Eva Lundkvist, H\u00e4stsportens folkh\u00f6gskola<\/p>\n<hr \/>\n<p><span style=\"color: #999999;\">Ers\u00e4ttare<\/span><\/p>\n<p>Ulrik Larsson, ABF<\/p>\n<p>Nikolas Demetriades, Bilda<\/p>\n<p>Kristina Lundqvist, V\u00e4ster\u00e5s folkh\u00f6gskola<\/p>\n<p>Alexander Markianos, Studief\u00f6rbundet Vuxenskolan<\/p>\n<p>Monika Spindler, Folkuniversitetet<\/p>\n<p>Cristin Ogemar, T\u00e4rna folkh\u00f6gskola<\/p>\n<p>Johanna Lindberg, Medborgarskolan<\/p>\n<p>Marie H\u00f6ljer, RF-SISU<\/p>\n<p>Anna \u00d6jebrandt, NBV<\/p>\n<p>Peter Thederan, Sensus<\/p>\n<p>Maarit Hallstr\u00f6m, Studiefr\u00e4mjandet<\/p>\n<p><span style=\"color: #808080;\">Revisorer:<\/span> Miguel Zuniga och Mats Sj\u00f6\u00f6<\/p>\n<p><span style=\"color: #808080;\">Valberedning:<\/span> Toni Carlsson, Elin Ragnebro och Vasiliki Panagiotidis<\/p>\n<hr \/>\n","protected":false},"excerpt":{"rendered":"<p>V\u00e4stmanlands l\u00e4nsbildningsf\u00f6rbund \u00e4r en intresseorganisation f\u00f6r studief\u00f6rbund och folkh\u00f6gskolor i l\u00e4net. Eftersom alla studief\u00f6rbund och folkh\u00f6gskolor i l\u00e4net \u00e4r medlemmar&#8230;<\/p>\n","protected":false},"author":5,"featured_media":0,"parent":0,"menu_order":0,"comment_status":"closed","ping_status":"open","template":"","meta":[],"_links":{"self":[{"href":"https:\/\/www.vlbf.se\/index.php?rest_route=\/wp\/v2\/pages\/10"}],"collection":[{"href":"https:\/\/www.vlbf.se\/index.php?rest_route=\/wp\/v2\/pages"}],"about":[{"href":"https:\/\/www.vlbf.se\/index.php?rest_route=\/wp\/v2\/types\/page"}],"author":[{"embeddable":true,"href":"https:\/\/www.vlbf.se\/index.php?rest_route=\/wp\/v2\/users\/5"}],"replies":[{"embeddable":true,"href":"https:\/\/www.vlbf.se\/index.php?rest_route=%2Fwp%2Fv2%2Fcomments&post=10"}],"version-history":[{"count":19,"href":"https:\/\/www.vlbf.se\/index.php?rest_route=\/wp\/v2\/pages\/10\/revisions"}],"predecessor-version":[{"id":742,"href":"https:\/\/www.vlbf.se\/index.php?rest_route=\/wp\/v2\/pages\/10\/revisions\/742"}],"wp:attachment":[{"href":"https:\/\/www.vlbf.se\/index.php?rest_route=%2Fwp%2Fv2%2Fmedia&parent=10"}],"curies":[{"name":"wp","href":"https:\/\/api.w.org\/{rel}","templated":true}]}}