{"id":12,"date":"2014-09-25T21:06:04","date_gmt":"2014-09-25T19:06:04","guid":{"rendered":"http:\/\/www.vlbf.se\/wp\/?page_id=12"},"modified":"2024-12-05T14:12:40","modified_gmt":"2024-12-05T13:12:40","slug":"vem-gor","status":"publish","type":"page","link":"https:\/\/www.vlbf.se\/?page_id=12","title":{"rendered":"Kontakta oss"},"content":{"rendered":"\n<figure class=\"wp-block-image is-resized\"><img loading=\"lazy\" src=\"http:\/\/www.vlbf.se\/wp-content\/uploads\/2024\/12\/Anders-i-soffan.jpg\" alt=\"\" class=\"wp-image-733\" width=\"308\" height=\"410\" srcset=\"https:\/\/www.vlbf.se\/wp-content\/uploads\/2024\/12\/Anders-i-soffan.jpg 1018w, https:\/\/www.vlbf.se\/wp-content\/uploads\/2024\/12\/Anders-i-soffan-225x300.jpg 225w, https:\/\/www.vlbf.se\/wp-content\/uploads\/2024\/12\/Anders-i-soffan-768x1024.jpg 768w, https:\/\/www.vlbf.se\/wp-content\/uploads\/2024\/12\/Anders-i-soffan-640x853.jpg 640w\" sizes=\"(max-width: 308px) 100vw, 308px\" \/><\/figure>\n\n\n<hr \/>\n<p><span style=\"color: #808080;\"><strong>ANDERS WESTIN<\/strong><br \/>L\u00c4NSBILDNINGSKONSULENT OCH SAMORDNARE F\u00d6R DEN LOKALA \u00d6VERENSKOMMELSEN I V\u00c4STER\u00c5S\u00a0<\/span><\/p>\n<p>E-post: <a href=\"mailto:anders@vlbf.se\">anders@vlbf.se<br \/><\/a>Mobil: 070-55 11 411<\/p>\n<hr \/>\n<p><span style=\"border-radius: 2px; text-indent: 20px; width: auto; padding: 0px 4px 0px 0px; text-align: center; font: bold 11px\/20px 'Helvetica Neue',Helvetica,sans-serif; color: #ffffff; background: #bd081c  no-repeat scroll 3px 50% \/ 14px 14px; position: absolute; opacity: 1; z-index: 8675309; display: none; cursor: pointer; top: 430px; left: 556px;\">Spara<\/span><\/p>\n\n\n<figure class=\"wp-block-image size-large is-resized\"><a href=\"https:\/\/www.vlbf.se\/wp-content\/uploads\/2023\/03\/Lena_webb.jpg\"><img loading=\"lazy\" src=\"https:\/\/www.vlbf.se\/wp-content\/uploads\/2023\/03\/Lena_webb-813x1024.jpg\" alt=\"\" class=\"wp-image-617\" width=\"302\" height=\"381\" srcset=\"https:\/\/www.vlbf.se\/wp-content\/uploads\/2023\/03\/Lena_webb-813x1024.jpg 813w, https:\/\/www.vlbf.se\/wp-content\/uploads\/2023\/03\/Lena_webb-238x300.jpg 238w, https:\/\/www.vlbf.se\/wp-content\/uploads\/2023\/03\/Lena_webb-768x967.jpg 768w, https:\/\/www.vlbf.se\/wp-content\/uploads\/2023\/03\/Lena_webb-1219x1536.jpg 1219w, https:\/\/www.vlbf.se\/wp-content\/uploads\/2023\/03\/Lena_webb-1040x1310.jpg 1040w, https:\/\/www.vlbf.se\/wp-content\/uploads\/2023\/03\/Lena_webb-640x806.jpg 640w, https:\/\/www.vlbf.se\/wp-content\/uploads\/2023\/03\/Lena_webb.jpg 1498w\" sizes=\"(max-width: 302px) 100vw, 302px\" \/><\/a><\/figure>\n\n\n\n<div class=\"wp-container-1 wp-block-group\"><div class=\"wp-block-group__inner-container\">\n<p class=\"has-gray-color has-text-color\"><strong>LENA OLOFSSON <\/strong><br>DIGI-SAMORDNARE OCH ADMINISTRAT\u00d6R<\/p>\n<\/div><\/div>\n\n\n\n<p>E-post: <a href=\"mailto:lena@vlbf.se\">lena@vlbf.se<br><\/a>Mobil: 073-096 79 94<\/p>\n\n\n\n<div class=\"wp-container-2 wp-block-group\"><div class=\"wp-block-group__inner-container\">\n<hr class=\"wp-block-separator has-alpha-channel-opacity\"\/>\n<\/div><\/div>\n\n\n\n<div class=\"wp-container-3 wp-block-group\"><div class=\"wp-block-group__inner-container\">\n<p class=\"has-gray-color has-text-color\">ORDF\u00d6RANDE<\/p>\n<\/div><\/div>\n\n\n\n<p><strong>Eva-Marie Rasmusson<\/strong><br>E-post: <a rel=\"noreferrer noopener\" href=\"mailto:eva-marie.rasmusson@abf.se\" target=\"_blank\">eva-marie.rasmusson@abf.se<\/a><br>Mobil: 072-716 73 33<\/p>\n\n\n\n<div class=\"wp-container-4 wp-block-group\"><div class=\"wp-block-group__inner-container\">\n<hr class=\"wp-block-separator aligncenter has-alpha-channel-opacity\"\/>\n<\/div><\/div>\n\n\n\n<div class=\"wp-container-5 wp-block-group\"><div class=\"wp-block-group__inner-container\">\n<p class=\"has-gray-color has-text-color\">ADRESS<\/p>\n<\/div><\/div>\n\n\n\n<p>V\u00e4stmanlands l\u00e4nsbildningsf\u00f6rbund<\/p>\n\n\n\n<div class=\"wp-container-6 wp-block-group\"><div class=\"wp-block-group__inner-container\">\n<p>Skomakargatan 2, v\u00e5ning 4 (Vlt-huset)<br>722 11 V\u00e4ster\u00e5s<\/p>\n<\/div><\/div>\n\n\n\n<p><\/p>\n\n\n\n<p class=\"has-gray-color has-text-color\"><mark style=\"background-color:rgba(0, 0, 0, 0)\" class=\"has-inline-color has-black-color\">Organisationsnummer<strong>:<\/strong> 978000-0502<\/mark><\/p>\n\n\n\n<p>Bankgiro: 5687-4316<\/p>\n","protected":false},"excerpt":{"rendered":"<p>ANDERS WESTINL\u00c4NSBILDNINGSKONSULENT OCH SAMORDNARE F\u00d6R DEN LOKALA \u00d6VERENSKOMMELSEN I V\u00c4STER\u00c5S\u00a0 E-post: anders@vlbf.seMobil: 070-55 11 411 Spara LENA OLOFSSON DIGI-SAMORDNARE OCH&#8230;<\/p>\n","protected":false},"author":5,"featured_media":0,"parent":0,"menu_order":0,"comment_status":"closed","ping_status":"open","template":"","meta":[],"_links":{"self":[{"href":"https:\/\/www.vlbf.se\/index.php?rest_route=\/wp\/v2\/pages\/12"}],"collection":[{"href":"https:\/\/www.vlbf.se\/index.php?rest_route=\/wp\/v2\/pages"}],"about":[{"href":"https:\/\/www.vlbf.se\/index.php?rest_route=\/wp\/v2\/types\/page"}],"author":[{"embeddable":true,"href":"https:\/\/www.vlbf.se\/index.php?rest_route=\/wp\/v2\/users\/5"}],"replies":[{"embeddable":true,"href":"https:\/\/www.vlbf.se\/index.php?rest_route=%2Fwp%2Fv2%2Fcomments&post=12"}],"version-history":[{"count":49,"href":"https:\/\/www.vlbf.se\/index.php?rest_route=\/wp\/v2\/pages\/12\/revisions"}],"predecessor-version":[{"id":735,"href":"https:\/\/www.vlbf.se\/index.php?rest_route=\/wp\/v2\/pages\/12\/revisions\/735"}],"wp:attachment":[{"href":"https:\/\/www.vlbf.se\/index.php?rest_route=%2Fwp%2Fv2%2Fmedia&parent=12"}],"curies":[{"name":"wp","href":"https:\/\/api.w.org\/{rel}","templated":true}]}}