{"id":166,"date":"2020-09-22T18:45:10","date_gmt":"2020-09-22T16:45:10","guid":{"rendered":"https:\/\/www.vlbf.se\/?page_id=166"},"modified":"2024-07-02T13:24:34","modified_gmt":"2024-07-02T11:24:34","slug":"dokument","status":"publish","type":"page","link":"https:\/\/www.vlbf.se\/?page_id=166","title":{"rendered":"Dokument"},"content":{"rendered":"\n<p><\/p>\n\n\n\n<p class=\"has-gray-color has-text-color\">STADGAR OCH \u00c5RSM\u00d6TESHANDLINGAR<\/p>\n\n\n\n<p><a href=\"http:\/\/www.vlbf.se\/wp-content\/uploads\/2023\/03\/StadgarVLBF2022.pdf\" target=\"_blank\" rel=\"noreferrer noopener\">Stadgar<\/a><\/p>\n\n\n\n<p><a href=\"http:\/\/www.vlbf.se\/wp-content\/uploads\/2023\/06\/La\u030angsiktig-verksamhetsinriktning-fo\u0308r-Va\u0308stmanlands-la\u0308nsbildningsfo\u0308rbund-2023-2026.pdf\" target=\"_blank\" rel=\"noreferrer noopener\">L\u00e5ngsiktig verksamhetsinriktning 2023-2026<\/a><\/p>\n\n\n\n<p><a href=\"http:\/\/www.vlbf.se\/wp-content\/uploads\/2024\/07\/Verksamhetsplan-och-budget-2024.pdf\" target=\"_blank\" rel=\"noreferrer noopener\">Verksamhetsplan 2024<\/a><\/p>\n\n\n\n<p><a href=\"http:\/\/www.vlbf.se\/wp-content\/uploads\/2024\/07\/Verksamhetsberattelse-2023-signerad.pdf\" target=\"_blank\" rel=\"noreferrer noopener\">Verksamhetsber\u00e4ttelse 2023<\/a><\/p>\n\n\n\n<p><a href=\"http:\/\/www.vlbf.se\/wp-content\/uploads\/2024\/07\/23-Arsredovisning-Vastmanlands-Lansbildningsforbund-signerad-komplett.pdf\" target=\"_blank\" rel=\"noreferrer noopener\">\u00c5rsredovisning 2023<\/a><\/p>\n\n\n\n<p><a href=\"http:\/\/www.vlbf.se\/wp-content\/uploads\/2024\/07\/VLBF_Signerat-arsmotesprotokoll-2024.pdf\" target=\"_blank\" rel=\"noreferrer noopener\">\u00c5rsm\u00f6tesprotokoll 2024<\/a><\/p>\n\n\n\n<p><a href=\"http:\/\/www.vlbf.se\/wp-content\/uploads\/2024\/07\/Regionens-fokusomraden-240430.pdf\" target=\"_blank\" rel=\"noreferrer noopener\">Regionens fokusomr\u00e5den<\/a><\/p>\n\n\n\n<p><\/p>\n\n\n\n<p class=\"has-gray-color has-text-color\">NATIONELLA STYRDOKUMENT<\/p>\n\n\n\n<p><a href=\"https:\/\/www.vlbf.se\/wp-content\/uploads\/2020\/09\/allas-kunskap-allas-bildning-201314172.pdf\" data-type=\"URL\" data-id=\"https:\/\/www.vlbf.se\/wp-content\/uploads\/2020\/09\/allas-kunskap-allas-bildning-201314172.pdf\" target=\"_blank\" rel=\"noreferrer noopener\">Allas kunskap, allas bildning<\/a><\/p>\n\n\n\n<p><a href=\"http:\/\/www.vlbf.se\/wp-content\/uploads\/2023\/06\/statsbidragsvillkor-studieforbund-2023.pdf\" target=\"_blank\" rel=\"noreferrer noopener\">Statsbidragsvillkor studief\u00f6rbund 2023<\/a><\/p>\n\n\n\n<p><a href=\"http:\/\/www.vlbf.se\/wp-content\/uploads\/2023\/06\/statsbidragsvillkor-studieforbund-2023.pdf\" target=\"_blank\" rel=\"noreferrer noopener\">Statsbidragsvillk<\/a><a href=\"http:\/\/www.vlbf.se\/wp-content\/uploads\/2023\/06\/villkor2024_studieforbund_webb.pdf\">o<\/a><a href=\"http:\/\/www.vlbf.se\/wp-content\/uploads\/2023\/06\/statsbidragsvillkor-studieforbund-2023.pdf\" target=\"_blank\" rel=\"noreferrer noopener\">r studief\u00f6rbund 2024<\/a><\/p>\n\n\n\n<p><a href=\"https:\/\/www.vlbf.se\/wp-content\/uploads\/2020\/09\/Studiefo\u0308rbundens-gemensamma-o\u0308verenskommelser-2020.pdf\" target=\"_blank\" rel=\"noreferrer noopener\">Studief\u00f6rbundens gemensamma \u00f6verenskommelser<\/a><\/p>\n\n\n\n<p><\/p>\n\n\n\n<p><\/p>\n\n\n\n<p class=\"has-gray-color has-text-color\">REGIONALA STYRDOKUMENT<\/p>\n\n\n\n<p><a href=\"http:\/\/www.vlbf.se\/wp-content\/uploads\/2023\/06\/OK_Regionen.pdf\" target=\"_blank\" rel=\"noreferrer noopener\">\u00d6verenskommelse Region V\u00e4stmanland och VLBF<\/a><\/p>\n\n\n\n<p><a href=\"https:\/\/www.vlbf.se\/wp-content\/uploads\/2020\/09\/rus-2030_juni-2020.pdf\" target=\"_blank\" rel=\"noreferrer noopener\">Regional utvecklingsstrategi<\/a><\/p>\n\n\n\n<p><a href=\"http:\/\/www.vlbf.se\/wp-content\/uploads\/2024\/07\/regional-kulturplan-for-vastmanland-2023-2026.pdf\" target=\"_blank\" rel=\"noreferrer noopener\">Regional kulturplan 2023-2026<\/a><\/p>\n\n\n\n<p><a href=\"https:\/\/www.vlbf.se\/wp-content\/uploads\/2020\/09\/Studiefo\u0308rbundsgemensamma-formuleringar-fo\u0308r-cl-och-fo\u0308reningar-mall-stockholm.docx\" target=\"_blank\" rel=\"noreferrer noopener\">Studief\u00f6rbundsgemensamma formuleringar<\/a><\/p>\n","protected":false},"excerpt":{"rendered":"<p>STADGAR OCH \u00c5RSM\u00d6TESHANDLINGAR Stadgar L\u00e5ngsiktig verksamhetsinriktning 2023-2026 Verksamhetsplan 2024 Verksamhetsber\u00e4ttelse 2023 \u00c5rsredovisning 2023 \u00c5rsm\u00f6tesprotokoll 2024 Regionens fokusomr\u00e5den NATIONELLA STYRDOKUMENT Allas&#8230;<\/p>\n","protected":false},"author":5,"featured_media":0,"parent":0,"menu_order":0,"comment_status":"closed","ping_status":"closed","template":"","meta":[],"_links":{"self":[{"href":"https:\/\/www.vlbf.se\/index.php?rest_route=\/wp\/v2\/pages\/166"}],"collection":[{"href":"https:\/\/www.vlbf.se\/index.php?rest_route=\/wp\/v2\/pages"}],"about":[{"href":"https:\/\/www.vlbf.se\/index.php?rest_route=\/wp\/v2\/types\/page"}],"author":[{"embeddable":true,"href":"https:\/\/www.vlbf.se\/index.php?rest_route=\/wp\/v2\/users\/5"}],"replies":[{"embeddable":true,"href":"https:\/\/www.vlbf.se\/index.php?rest_route=%2Fwp%2Fv2%2Fcomments&post=166"}],"version-history":[{"count":68,"href":"https:\/\/www.vlbf.se\/index.php?rest_route=\/wp\/v2\/pages\/166\/revisions"}],"predecessor-version":[{"id":723,"href":"https:\/\/www.vlbf.se\/index.php?rest_route=\/wp\/v2\/pages\/166\/revisions\/723"}],"wp:attachment":[{"href":"https:\/\/www.vlbf.se\/index.php?rest_route=%2Fwp%2Fv2%2Fmedia&parent=166"}],"curies":[{"name":"wp","href":"https:\/\/api.w.org\/{rel}","templated":true}]}}