{"id":2,"date":"2014-09-25T12:03:53","date_gmt":"2014-09-25T12:03:53","guid":{"rendered":"http:\/\/www.vlbf.se\/wp\/?page_id=2"},"modified":"2025-06-09T10:38:37","modified_gmt":"2025-06-09T08:38:37","slug":"exempelsida","status":"publish","type":"page","link":"https:\/\/www.vlbf.se\/","title":{"rendered":"V\u00e4lkommen"},"content":{"rendered":"<p><strong>V\u00e4stmanlands l\u00e4nsbildningsf\u00f6rbund \u00e4r ett regionalt samarbetsorgan f\u00f6r folkbildningen i V\u00e4stmanland. Medlemmar \u00e4r \u00e5tta studief\u00f6rbund, RF-SISU V\u00e4stmanland och tre folkh\u00f6gskolor. H\u00e4r kan du l\u00e4sa i korthet om verksamheten samt f\u00f6lja l\u00e4nsbildningskonsulentens arbete.<\/strong><\/p>\n<p><span style=\"font-size: inherit; font-family: -apple-system, BlinkMacSystemFont, 'Segoe UI', Roboto, Oxygen-Sans, Ubuntu, Cantarell, 'Helvetica Neue', sans-serif;\">Begreppet folkbildning sammanfattar verksamheten i studief\u00f6rbund och folkh\u00f6gskolor. Till skillnad fr\u00e5n den obligatoriska skolan med formell utbildning \u00e4r folkbildningen informell och frivillig. Folkbildningen \u00e4r ocks\u00e5 mer flexibel, m\u00e4nniskor kan sj\u00e4lva v\u00e4lja vad, var, n\u00e4r och hur de vill studera, oavsett \u00e5lder, bostadsort och tidigare kunskaper. Till skillnad fr\u00e5n den obligatoriska skolan ges inga betyg och det st\u00e4lls inga formella krav p\u00e5 hur mycket man ska prestera. Det best\u00e4mmer den enskilde individen sj\u00e4lv. H\u00e4r m\u00f6ts m\u00e4nniskor f\u00f6r att l\u00e4ra sig mer, f\u00f6r att st\u00e4rka sina m\u00f6jligheter att p\u00e5verka de egna livsvillkoren och ofta f\u00f6r att f\u00f6r\u00e4ndra samh\u00e4llet.<\/span><\/p>\n<p><span style=\"font-size: inherit; font-family: -apple-system, BlinkMacSystemFont, 'Segoe UI', Roboto, Oxygen-Sans, Ubuntu, Cantarell, 'Helvetica Neue', sans-serif;\">Folkbildningen \u00e4r folkr\u00f6relsernas metod f\u00f6r att \u00e5stadkomma samh\u00e4llsf\u00f6r\u00e4ndringar och f\u00f6r att ge medlemmarna de kunskaper som beh\u00f6vdes f\u00f6r att kunna vara delaktiga i samh\u00e4llsbygget. Det \u00e4r inbyggt i folkbildningens id\u00e9 att den f\u00f6r\u00e4ndras \u00f6ver tiden, i takt med att m\u00e4nniskornas och samh\u00e4llets behov skiftar. Det g\u00e4ller s\u00e5v\u00e4l \u00e4mnen som arbetsformer.<\/span><\/p>\n<blockquote>\n<p><span style=\"font-size: inherit;\">&#8221;Folkbildningen \u00e4r folkr\u00f6relsernas metod f\u00f6r att \u00e5stadkomma samh\u00e4llsf\u00f6r\u00e4ndringar.&#8221;<\/span><\/p>\n<\/blockquote>\n<p><span style=\"font-size: inherit; font-family: -apple-system, BlinkMacSystemFont, 'Segoe UI', Roboto, Oxygen-Sans, Ubuntu, Cantarell, 'Helvetica Neue', sans-serif;\">Arbetet sker i studief\u00f6rbund, med fr\u00e4mst studiecirklar och olika kulturverksamheter, samt inom folkh\u00f6gskolor, med b\u00e5de l\u00e5nga och korta kurser och kulturaktiviteter. Samarbete sker ofta med de folkr\u00f6relser och andra organisationer som antingen \u00e4r medlemmar i studief\u00f6rbund och\/eller huvudm\u00e4n f\u00f6r folkh\u00f6gskolor. RF-SISU bedriver folkbildning genom l\u00e4rgrupper, kurser och f\u00f6rel\u00e4sningar i samverkan med idrottsf\u00f6reningar.\u00a0<\/span><\/p>\n<p><span style=\"font-size: inherit; font-family: -apple-system, BlinkMacSystemFont, 'Segoe UI', Roboto, Oxygen-Sans, Ubuntu, Cantarell, 'Helvetica Neue', sans-serif;\">Med tiden har gruppverksamheten i studiecirklar \u00f6kat kraftigt i betydelse, och numera utg\u00f6r kulturprogrammen en viktig del av av arbetet liksom en stor bredd av utbildningar. Folkbildningen har hela tiden pr\u00e4glats av starka sociala och samh\u00e4llsbyggande ambitioner. Tanken \u00e4r att deltagarna av egen kraft skaffar sig kunskap och utvecklas i samspel med andra.<\/span><\/p>\n\n\n<p><\/p>\n","protected":false},"excerpt":{"rendered":"<p>V\u00e4stmanlands l\u00e4nsbildningsf\u00f6rbund \u00e4r ett regionalt samarbetsorgan f\u00f6r folkbildningen i V\u00e4stmanland. Medlemmar \u00e4r \u00e5tta studief\u00f6rbund, RF-SISU V\u00e4stmanland och tre folkh\u00f6gskolor. H\u00e4r&#8230;<\/p>\n","protected":false},"author":1,"featured_media":5,"parent":0,"menu_order":0,"comment_status":"closed","ping_status":"open","template":"","meta":[],"_links":{"self":[{"href":"https:\/\/www.vlbf.se\/index.php?rest_route=\/wp\/v2\/pages\/2"}],"collection":[{"href":"https:\/\/www.vlbf.se\/index.php?rest_route=\/wp\/v2\/pages"}],"about":[{"href":"https:\/\/www.vlbf.se\/index.php?rest_route=\/wp\/v2\/types\/page"}],"author":[{"embeddable":true,"href":"https:\/\/www.vlbf.se\/index.php?rest_route=\/wp\/v2\/users\/1"}],"replies":[{"embeddable":true,"href":"https:\/\/www.vlbf.se\/index.php?rest_route=%2Fwp%2Fv2%2Fcomments&post=2"}],"version-history":[{"count":25,"href":"https:\/\/www.vlbf.se\/index.php?rest_route=\/wp\/v2\/pages\/2\/revisions"}],"predecessor-version":[{"id":739,"href":"https:\/\/www.vlbf.se\/index.php?rest_route=\/wp\/v2\/pages\/2\/revisions\/739"}],"wp:featuredmedia":[{"embeddable":true,"href":"https:\/\/www.vlbf.se\/index.php?rest_route=\/wp\/v2\/media\/5"}],"wp:attachment":[{"href":"https:\/\/www.vlbf.se\/index.php?rest_route=%2Fwp%2Fv2%2Fmedia&parent=2"}],"curies":[{"name":"wp","href":"https:\/\/api.w.org\/{rel}","templated":true}]}}