{"id":322,"date":"2021-01-20T09:24:41","date_gmt":"2021-01-20T08:24:41","guid":{"rendered":"https:\/\/www.vlbf.se\/?page_id=322"},"modified":"2023-06-29T14:50:24","modified_gmt":"2023-06-29T12:50:24","slug":"kontakta-kommuner","status":"publish","type":"page","link":"https:\/\/www.vlbf.se\/?page_id=322","title":{"rendered":"Kontakta kommunerna"},"content":{"rendered":"\n<p>L\u00e4nets kommuner st\u00f6ttar f\u00f6reningslivet med bidrag i olika former. Reglerna och sista ans\u00f6kningsdag kan dock skilja sig \u00e5t mellan olika orter. H\u00e4r har vi samlat l\u00e4nkar till kommunernas hemsidor f\u00f6r att underl\u00e4tta f\u00f6r studief\u00f6rbund och f\u00f6reningar att s\u00f6ka st\u00f6d.<\/p>\n\n\n\n<p>ARBOGA (15 februari)<\/p>\n\n\n\n<p><a href=\"https:\/\/arboga.se\/uppleva-och-gora\/foreningar-anlaggningar-och-lokaler\/soka-foreningsbidrag.html\">S\u00f6ka f\u00f6reningsbidrag &#8211; Arboga kommun<\/a><\/p>\n\n\n\n<p>FAGERSTA (25 mars)<\/p>\n\n\n\n<p><a href=\"https:\/\/www.fagersta.se\/uppleva--gora\/foreningsinformation\/foreningsbidrag-och-lokalt-aktivitetsstod\">F\u00f6reningsbidrag och lokalt aktivitetsst\u00f6d (fagersta.se)<\/a><\/p>\n\n\n\n\n\n<p>HALLSTAHAMMAR (senast en m\u00e5nad efter \u00e5rsm\u00f6tet)<\/p>\n\n\n\n<p><a href=\"https:\/\/www.hallstahammar.se\/uppleva-och-gora\/foreningsliv\/foreningsstod-och--bidrag\">F\u00f6reningsst\u00f6d och -bidrag &#8211; Hallstahammars kommun<\/a><\/p>\n\n\n\n<p>KUNGS\u00d6R (31 mars)<\/p>\n\n\n\n<p><a href=\"https:\/\/kungsor.se\/uppleva-och-gora\/foreningsliv\/foreningsstod-och--bidrag.html#\">F\u00f6reningsst\u00f6d och -bidrag &#8211; Kungs\u00f6rs kommun (kungsor.se)<\/a><\/p>\n\n\n\n<p>K\u00d6PING (30 april)<\/p>\n\n\n\n<p><a href=\"https:\/\/koping.se\/kultur-fritid--natur\/foreningar\/studieforbund.html\">Studief\u00f6rbund &#8211; K\u00f6pings kommun (koping.se)<\/a><\/p>\n\n\n\n<p>NORBERG (31 mars)<\/p>\n\n\n\n<p><a href=\"https:\/\/www.norberg.se\/kultur--fritid\/forening\/foreningsbidrag.html\">F\u00f6reningsbidrag &#8211; Norbergs kommun<\/a><\/p>\n\n\n\n<p>SALA (2 maj)<\/p>\n\n\n\n<p><a href=\"https:\/\/www.sala.se\/info\/13046\">Alla f\u00f6reningsbidrag &#8211; Kultur och fritidskontoret &#8211; Sala kommun<\/a><\/p>\n\n\n\n<p>SKINNSKATTEBERG (1 april)<\/p>\n\n\n\n<p><a href=\"https:\/\/www.skinnskatteberg.se\/gora-och-uppleva\/foreningar\/foreningsbidrag\/\">F\u00f6reningsbidrag &#8211; Skinnskatteberg<\/a><\/p>\n\n\n\n<p>SURAHAMMAR (30 september \u00e5ret innan)<\/p>\n\n\n\n<p><a href=\"https:\/\/www.surahammar.se\/kultur-fritid-och-turism\/foreningar\/blanketter-for-foreningslivet.html\">Blanketter f\u00f6r f\u00f6reningslivet &#8211; Surahammars kommun<\/a><\/p>\n\n\n\n<p>V\u00c4STER\u00c5S (ans\u00f6kan sker automatiskt genom att \u00e5rsm\u00f6teshandlingar skickas in)<\/p>\n\n\n\n<p><a href=\"https:\/\/www.vasteras.se\/uppleva-och-gora\/foreningar-foreningsliv\/bidrag-ekonomiskt-stod-till-foreningar.html\">Bidrag, ekonomiskt st\u00f6d till f\u00f6reningar &#8211; V\u00e4ster\u00e5s (vasteras.se)<\/a><\/p>\n","protected":false},"excerpt":{"rendered":"<p>L\u00e4nets kommuner st\u00f6ttar f\u00f6reningslivet med bidrag i olika former. Reglerna och sista ans\u00f6kningsdag kan dock skilja sig \u00e5t mellan olika&#8230;<\/p>\n","protected":false},"author":5,"featured_media":0,"parent":0,"menu_order":0,"comment_status":"closed","ping_status":"closed","template":"","meta":[],"_links":{"self":[{"href":"https:\/\/www.vlbf.se\/index.php?rest_route=\/wp\/v2\/pages\/322"}],"collection":[{"href":"https:\/\/www.vlbf.se\/index.php?rest_route=\/wp\/v2\/pages"}],"about":[{"href":"https:\/\/www.vlbf.se\/index.php?rest_route=\/wp\/v2\/types\/page"}],"author":[{"embeddable":true,"href":"https:\/\/www.vlbf.se\/index.php?rest_route=\/wp\/v2\/users\/5"}],"replies":[{"embeddable":true,"href":"https:\/\/www.vlbf.se\/index.php?rest_route=%2Fwp%2Fv2%2Fcomments&post=322"}],"version-history":[{"count":15,"href":"https:\/\/www.vlbf.se\/index.php?rest_route=\/wp\/v2\/pages\/322\/revisions"}],"predecessor-version":[{"id":675,"href":"https:\/\/www.vlbf.se\/index.php?rest_route=\/wp\/v2\/pages\/322\/revisions\/675"}],"wp:attachment":[{"href":"https:\/\/www.vlbf.se\/index.php?rest_route=%2Fwp%2Fv2%2Fmedia&parent=322"}],"curies":[{"name":"wp","href":"https:\/\/api.w.org\/{rel}","templated":true}]}}